{"id":10442,"date":"2025-05-15T23:27:12","date_gmt":"2025-05-15T23:27:12","guid":{"rendered":"https:\/\/krimont.com\/pie-de-imprenta"},"modified":"2025-07-17T21:39:36","modified_gmt":"2025-07-17T21:39:36","slug":"pie-de-imprenta","status":"publish","type":"page","link":"http:\/\/krimont.com\/es\/pie-de-imprenta","title":{"rendered":"Pie de imprenta"},"content":{"rendered":"<div class=\"wpb-content-wrapper\"><p>[vc_section][vc_row][vc_column][vc_row_inner][vc_column_inner][vc_column_text css=\u00bb\u00bb]<\/p>\n<h3 data-start=\"251\" data-end=\"270\"><strong data-start=\"255\" data-end=\"268\"><span class=\"_fadeIn_m1hgl_8\">Pie de imprenta<\/span><\/strong><\/h3>\n<p data-start=\"271\" data-end=\"293\"><span class=\"_fadeIn_m1hgl_8\">Informaci\u00f3n <\/span><span class=\"_fadeIn_m1hgl_8\">seg\u00fan el \u00a7 <\/span><span class=\"_fadeIn_m1hgl_8\">5 <\/span><span class=\"_fadeIn_m1hgl_8\">TMG:<\/span><\/p>\n<p data-start=\"295\" data-end=\"448\"><strong data-start=\"295\" data-end=\"333\"><span class=\"_fadeIn_m1hgl_8\">KRIMONT <\/span><span class=\"_fadeIn_m1hgl_8\">NEGOCIOS <\/span><span class=\"_fadeIn_m1hgl_8\">DESARROLLO, <\/span><span class=\"_fadeIn_m1hgl_8\">S.L.<\/span><\/strong><br data-start=\"333\" data-end=\"336\"><span class=\"_fadeIn_m1hgl_8\">Sociedad <\/span><span class=\"_fadeIn_m1hgl_8\">Limitada <\/span><span class=\"_fadeIn_m1hgl_8\">Unipersonal<\/span><br data-start=\"365\" data-end=\"368\"><span class=\"_fadeIn_m1hgl_8\">Calle <\/span><span class=\"_fadeIn_m1hgl_8\">Bartolom\u00e9 <\/span><span class=\"_fadeIn_m1hgl_8\">Pons <\/span><span class=\"_fadeIn_m1hgl_8\">i <\/span><span class=\"_fadeIn_m1hgl_8\">Coll, <\/span><span class=\"_fadeIn_m1hgl_8\">1<\/span><br data-start=\"412\" data-end=\"415\"><span class=\"_fadeIn_m1hgl_8\">07014 <\/span><span class=\"_fadeIn_m1hgl_8\">Palma <\/span><span class=\"_fadeIn_m1hgl_8\">de <\/span><span class=\"_fadeIn_m1hgl_8\">Mallorca<\/span><br data-start=\"438\" data-end=\"441\"><span class=\"_fadeIn_m1hgl_8\">Espa\u00f1a<\/span><\/p>\n<p data-start=\"450\" data-end=\"553\"><span class=\"_fadeIn_m1hgl_8\">Representado <\/span><span class=\"_fadeIn_m1hgl_8\">por <\/span><span class=\"_fadeIn_m1hgl_8\">el <\/span><span class=\"_fadeIn_m1hgl_8\">Director Gerente (<\/span><span class=\"_fadeIn_m1hgl_8\">Administradora <\/span><span class=\"_fadeIn_m1hgl_8\">\u00danica):<\/span><br data-start=\"511\" data-end=\"514\"><strong data-start=\"514\" data-end=\"533\"><span class=\"_fadeIn_m1hgl_8\">Anshela <\/span><span class=\"_fadeIn_m1hgl_8\">Krimont<\/span><\/strong><br data-start=\"533\" data-end=\"536\"><span class=\"_fadeIn_m1hgl_8\">N.I.E: <\/span><span class=\"_fadeIn_m1hgl_8\">Z2918537A<\/span><\/p>\n<p data-start=\"555\" data-end=\"622\"><span class=\"_fadeIn_m1hgl_8\">Contacto:<\/span><br data-start=\"563\" data-end=\"566\"><span class=\"_fadeIn_m1hgl_8\">Tel\u00e9fono: +<\/span><span class=\"_fadeIn_m1hgl_8\">49 <\/span><span class=\"_fadeIn_m1hgl_8\">171 <\/span><span class=\"_fadeIn_m1hgl_8\">103 <\/span><span class=\"_fadeIn_m1hgl_8\">71 <\/span><span class=\"_fadeIn_m1hgl_8\">59<\/span><br data-start=\"592\" data-end=\"595\"><span class=\"_fadeIn_m1hgl_8\">E-<\/span><span class=\"_fadeIn_m1hgl_8\">Mail: <\/span><a class=\"cursor-pointer\" rel=\"noopener\" data-start=\"603\" data-end=\"622\"><span class=\"_fadeIn_m1hgl_8\">anshela@<\/span><span class=\"_fadeIn_m1hgl_8\">krimont.com<\/span><\/a><\/p>\n<p data-start=\"624\" data-end=\"826\"><span class=\"_fadeIn_m1hgl_8\">Impuesto sobre el valor a\u00f1adido<\/span><span class=\"_fadeIn_m1hgl_8\">n\u00famero de identificaci\u00f3n <\/span><span class=\"_fadeIn_m1hgl_8\">seg\u00fan el \u00a7 <\/span><span class=\"_fadeIn_m1hgl_8\">27a <\/span><span class=\"_fadeIn_m1hgl_8\">UStG: <\/span><em data-start=\"677\" data-end=\"711\"><span class=\"_fadeIn_m1hgl_8\">(<\/span><span class=\"_fadeIn_m1hgl_8\">es <\/span><span class=\"_fadeIn_m1hgl_8\">complementado, <\/span><span class=\"_fadeIn_m1hgl_8\">tan pronto como <\/span><span class=\"_fadeIn_m1hgl_8\">disponible)<\/span><\/em><br data-start=\"711\" data-end=\"714\"><span class=\"_fadeIn_m1hgl_8\">Registro mercantil: <\/span><em data-start=\"731\" data-end=\"826\"><span class=\"_fadeIn_m1hgl_8\">(<\/span><span class=\"_fadeIn_m1hgl_8\">es <\/span><span class=\"_fadeIn_m1hgl_8\">complementado, <\/span><span class=\"_fadeIn_m1hgl_8\">tan pronto como <\/span><span class=\"_fadeIn_m1hgl_8\">n\u00famero de registro <\/span><span class=\"_fadeIn_m1hgl_8\">est\u00e9 disponible <\/span><span class=\"_fadeIn_m1hgl_8\">z.<\/span><span class=\"_fadeIn_m1hgl_8\">B. <\/span><span class=\"_fadeIn_m1hgl_8\">en el <\/span><span class=\"_fadeIn_m1hgl_8\">Registro <\/span><span class=\"_fadeIn_m1hgl_8\">Mercantil <\/span><span class=\"_fadeIn_m1hgl_8\">en <\/span><span class=\"_fadeIn_m1hgl_8\">Palma)<\/span><\/em><\/p>\n<hr data-start=\"828\" data-end=\"831\">\n<h3 data-start=\"833\" data-end=\"895\"><strong data-start=\"837\" data-end=\"893\"><span class=\"_fadeIn_m1hgl_8\">Responsable <\/span><span class=\"_fadeIn_m1hgl_8\">de <\/span><span class=\"_fadeIn_m1hgl_8\">el <\/span><span class=\"_fadeIn_m1hgl_8\">contenido <\/span><span class=\"_fadeIn_m1hgl_8\">seg\u00fan el \u00a7 <\/span><span class=\"_fadeIn_m1hgl_8\">55 <\/span><span class=\"_fadeIn_m1hgl_8\">p\u00e1rr. <\/span><span class=\"_fadeIn_m1hgl_8\">2 <\/span><span class=\"_fadeIn_m1hgl_8\">RStV:<\/span><\/strong><\/h3>\n<p data-start=\"896\" data-end=\"971\"><span class=\"_fadeIn_m1hgl_8\">Anshela <\/span><span class=\"_fadeIn_m1hgl_8\">Crimea<\/span><br data-start=\"911\" data-end=\"914\"><span class=\"_fadeIn_m1hgl_8\">Calle <\/span><span class=\"_fadeIn_m1hgl_8\">Bartolom\u00e9 <\/span><span class=\"_fadeIn_m1hgl_8\">Pons <\/span><span class=\"_fadeIn_m1hgl_8\">i <\/span><span class=\"_fadeIn_m1hgl_8\">Coll, <\/span><span class=\"_fadeIn_m1hgl_8\">1<\/span><br data-start=\"945\" data-end=\"948\"><span class=\"_fadeIn_m1hgl_8\">07014 <\/span><span class=\"_fadeIn_m1hgl_8\">Palma <\/span><span class=\"_fadeIn_m1hgl_8\">de <\/span><span class=\"_fadeIn_m1hgl_8\">Mallorca<\/span><\/p>\n<hr data-start=\"973\" data-end=\"976\">\n<h3 data-start=\"978\" data-end=\"1004\"><strong data-start=\"982\" data-end=\"1004\"><span class=\"_fadeIn_m1hgl_8\">Descargo de responsabilidad<\/span><\/strong><\/h3>\n<p data-start=\"1006\" data-end=\"1534\"><strong data-start=\"1006\" data-end=\"1029\"><span class=\"_fadeIn_m1hgl_8\">Responsabilidad <\/span><span class=\"_fadeIn_m1hgl_8\">para <\/span><span class=\"_fadeIn_m1hgl_8\">contenidos<\/span><\/strong><br data-start=\"1029\" data-end=\"1032\"><span class=\"_fadeIn_m1hgl_8\">En  <\/span><span class=\"_fadeIn_m1hgl_8\">Proveedor de servicios  <\/span><span class=\"_fadeIn_m1hgl_8\">son  <\/span><span class=\"_fadeIn_m1hgl_8\">nosotros  <\/span><span class=\"_fadeIn_m1hgl_8\">seg\u00fan el \u00a7  <\/span><span class=\"_fadeIn_m1hgl_8\">7  <\/span><span class=\"_fadeIn_m1hgl_8\">Abs.<\/span><span class=\"_fadeIn_m1hgl_8\">1  <\/span><span class=\"_fadeIn_m1hgl_8\">TMG  <\/span><span class=\"_fadeIn_m1hgl_8\">para  <\/span><span class=\"_fadeIn_m1hgl_8\">propio  <\/span><span class=\"_fadeIn_m1hgl_8\">Contenido  <\/span><span class=\"_fadeIn_m1hgl_8\">en  <\/span><span class=\"_fadeIn_m1hgl_8\">este  <\/span><span class=\"_fadeIn_m1hgl_8\">P\u00e1ginas  <\/span><span class=\"_fadeIn_m1hgl_8\">a  <\/span><span class=\"_fadeIn_m1hgl_8\">el  <\/span><span class=\"_fadeIn_m1hgl_8\">general  <\/span><span class=\"_fadeIn_m1hgl_8\">Leyes  <\/span><span class=\"_fadeIn_m1hgl_8\">responsable.  <\/span><span class=\"_fadeIn_m1hgl_8\">Seg\u00fan los \u00a7\u00a7  <\/span><span class=\"_fadeIn_m1hgl_8\">8  <\/span><span class=\"_fadeIn_m1hgl_8\">hasta  <\/span><span class=\"_fadeIn_m1hgl_8\">10  <\/span><span class=\"_fadeIn_m1hgl_8\">TMG  <\/span><span class=\"_fadeIn_m1hgl_8\">son  <\/span><span class=\"_fadeIn_m1hgl_8\">nosotros  <\/span><span class=\"_fadeIn_m1hgl_8\">Sin embargo  <\/span><span class=\"_fadeIn_m1hgl_8\">no  <\/span><span class=\"_fadeIn_m1hgl_8\">comprometida,  <\/span><span class=\"_fadeIn_m1hgl_8\">transmitido  <\/span><span class=\"_fadeIn_m1hgl_8\">o  <\/span><span class=\"_fadeIn_m1hgl_8\">almacenado  <\/span><span class=\"_fadeIn_m1hgl_8\">extranjero  <\/span><span class=\"_fadeIn_m1hgl_8\">Informaci\u00f3n sobre  <\/span><span class=\"_fadeIn_m1hgl_8\">a  <\/span><span class=\"_fadeIn_m1hgl_8\">monitor.  <\/span><span class=\"_fadeIn_m1hgl_8\">Compromisos  <\/span><span class=\"_fadeIn_m1hgl_8\">al  <\/span><span class=\"_fadeIn_m1hgl_8\">Distancia  <\/span><span class=\"_fadeIn_m1hgl_8\">o  <\/span><span class=\"_fadeIn_m1hgl_8\">Bloqueo  <\/span><span class=\"_fadeIn_m1hgl_8\">el  <\/span><span class=\"_fadeIn_m1hgl_8\">Utilizaci\u00f3n  <\/span><span class=\"_fadeIn_m1hgl_8\">de  <\/span><span class=\"_fadeIn_m1hgl_8\">Informaci\u00f3n sobre  <\/span><span class=\"_fadeIn_m1hgl_8\">a  <\/span><span class=\"_fadeIn_m1hgl_8\">el  <\/span><span class=\"_fadeIn_m1hgl_8\">general  <\/span><span class=\"_fadeIn_m1hgl_8\">Leyes  <\/span><span class=\"_fadeIn_m1hgl_8\">qu\u00e9date  <\/span><span class=\"_fadeIn_m1hgl_8\">de la presente  <\/span><span class=\"_fadeIn_m1hgl_8\">intacta.  <\/span><span class=\"_fadeIn_m1hgl_8\">Una  <\/span><span class=\"_fadeIn_m1hgl_8\">correspondiente  <\/span><span class=\"_fadeIn_m1hgl_8\">Responsabilidad  <\/span><span class=\"_fadeIn_m1hgl_8\">es  <\/span><span class=\"_fadeIn_m1hgl_8\">Sin embargo  <\/span><span class=\"_fadeIn_m1hgl_8\">primero  <\/span><span class=\"_fadeIn_m1hgl_8\">de  <\/span><span class=\"_fadeIn_m1hgl_8\">el  <\/span><span class=\"_fadeIn_m1hgl_8\">Temporizaci\u00f3n  <\/span><span class=\"_fadeIn_m1hgl_8\">el  <\/span><span class=\"_fadeIn_m1hgl_8\">Conocimientos  <\/span><span class=\"_fadeIn_m1hgl_8\">un  <\/span><span class=\"_fadeIn_m1hgl_8\">hormig\u00f3n  <\/span><span class=\"_fadeIn_m1hgl_8\">Vulneraci\u00f3n de derechos  <\/span><span class=\"_fadeIn_m1hgl_8\">posible.<\/span><\/p>\n<p data-start=\"1536\" data-end=\"1908\"><strong data-start=\"1536\" data-end=\"1557\"><span class=\"_fadeIn_m1hgl_8\">Responsabilidad <\/span><span class=\"_fadeIn_m1hgl_8\">para <\/span><span class=\"_fadeIn_m1hgl_8\">enlaces<\/span><\/strong><br data-start=\"1557\" data-end=\"1560\"><span class=\"_fadeIn_m1hgl_8\">Nuestra  <\/span><span class=\"_fadeIn_m1hgl_8\">P\u00e1gina web  <\/span><span class=\"_fadeIn_m1hgl_8\">contiene  <\/span><span class=\"_fadeIn_m1hgl_8\">Enlaces  <\/span><span class=\"_fadeIn_m1hgl_8\">a  <\/span><span class=\"_fadeIn_m1hgl_8\">externo  <\/span><span class=\"_fadeIn_m1hgl_8\">P\u00e1ginas web  <\/span><span class=\"_fadeIn_m1hgl_8\">Tercero,  <\/span><span class=\"_fadeIn_m1hgl_8\">en  <\/span><span class=\"_fadeIn_m1hgl_8\">su  <\/span><span class=\"_fadeIn_m1hgl_8\">Contenido  <\/span><span class=\"_fadeIn_m1hgl_8\">nosotros  <\/span><span class=\"_fadeIn_m1hgl_8\">ninguno  <\/span><span class=\"_fadeIn_m1hgl_8\">Influencia  <\/span><span class=\"_fadeIn_m1hgl_8\">tener.  <\/span><span class=\"_fadeIn_m1hgl_8\">Para  <\/span><span class=\"_fadeIn_m1hgl_8\">este  <\/span><span class=\"_fadeIn_m1hgl_8\">extranjero  <\/span><span class=\"_fadeIn_m1hgl_8\">Contenido  <\/span><span class=\"_fadeIn_m1hgl_8\">Hazte cargo  <\/span><span class=\"_fadeIn_m1hgl_8\">nosotros  <\/span><span class=\"_fadeIn_m1hgl_8\">ninguno  <\/span><span class=\"_fadeIn_m1hgl_8\">Garant\u00eda.  <\/span><span class=\"_fadeIn_m1hgl_8\">Para  <\/span><span class=\"_fadeIn_m1hgl_8\">el  <\/span><span class=\"_fadeIn_m1hgl_8\">Contenido  <\/span><span class=\"_fadeIn_m1hgl_8\">el  <\/span><span class=\"_fadeIn_m1hgl_8\">vinculado  <\/span><span class=\"_fadeIn_m1hgl_8\">P\u00e1ginas  <\/span><span class=\"_fadeIn_m1hgl_8\">es  <\/span><span class=\"_fadeIn_m1hgl_8\">siempre  <\/span><span class=\"_fadeIn_m1hgl_8\">el  <\/span><span class=\"_fadeIn_m1hgl_8\">respectiva  <\/span><span class=\"_fadeIn_m1hgl_8\">Proveedor  <\/span><span class=\"_fadeIn_m1hgl_8\">o  <\/span><span class=\"_fadeIn_m1hgl_8\">Operario  <\/span><span class=\"_fadeIn_m1hgl_8\">responsable.  <\/span><span class=\"_fadeIn_m1hgl_8\">Con  <\/span><span class=\"_fadeIn_m1hgl_8\">Darse a conocer  <\/span><span class=\"_fadeIn_m1hgl_8\">de  <\/span><span class=\"_fadeIn_m1hgl_8\">Infracciones  <\/span><span class=\"_fadeIn_m1hgl_8\">convi\u00e9rtete en  <\/span><span class=\"_fadeIn_m1hgl_8\">nosotros  <\/span><span class=\"_fadeIn_m1hgl_8\">tal  <\/span><span class=\"_fadeIn_m1hgl_8\">Enlaces  <\/span><span class=\"_fadeIn_m1hgl_8\">inmediatamente  <\/span><span class=\"_fadeIn_m1hgl_8\">eliminar.<\/span><\/p>\n<hr data-start=\"1910\" data-end=\"1913\">\n<h3 data-start=\"1915\" data-end=\"1937\"><strong data-start=\"1919\" data-end=\"1935\"><span class=\"_fadeIn_m1hgl_8\">Derechos de autor<\/span><\/strong><\/h3>\n<p data-start=\"1938\" data-end=\"2313\"><span class=\"_fadeIn_m1hgl_8\">En  <\/span><span class=\"_fadeIn_m1hgl_8\">a trav\u00e9s de  <\/span><span class=\"_fadeIn_m1hgl_8\">el  <\/span><span class=\"_fadeIn_m1hgl_8\">Operador del sitio  <\/span><span class=\"_fadeIn_m1hgl_8\">creado  <\/span><span class=\"_fadeIn_m1hgl_8\">Contenido  <\/span><span class=\"_fadeIn_m1hgl_8\">y  <\/span><span class=\"_fadeIn_m1hgl_8\">Obras  <\/span><span class=\"_fadeIn_m1hgl_8\">en  <\/span><span class=\"_fadeIn_m1hgl_8\">este  <\/span><span class=\"_fadeIn_m1hgl_8\">P\u00e1gina web  <\/span><span class=\"_fadeIn_m1hgl_8\">sujeto a  <\/span><span class=\"_fadeIn_m1hgl_8\">el  <\/span><span class=\"_fadeIn_m1hgl_8\">Derechos de autor.  <\/span><span class=\"_fadeIn_m1hgl_8\">En  <\/span><span class=\"_fadeIn_m1hgl_8\">Reproducci\u00f3n,  <\/span><span class=\"_fadeIn_m1hgl_8\">Procesando  <\/span><span class=\"_fadeIn_m1hgl_8\">y  <\/span><span class=\"_fadeIn_m1hgl_8\">Distribuci\u00f3n  <\/span><span class=\"_fadeIn_m1hgl_8\">fuera de  <\/span><span class=\"_fadeIn_m1hgl_8\">el  <\/span><span class=\"_fadeIn_m1hgl_8\">L\u00edmites  <\/span><span class=\"_fadeIn_m1hgl_8\">de la  <\/span><span class=\"_fadeIn_m1hgl_8\">Derechos de autor  <\/span><span class=\"_fadeIn_m1hgl_8\">requiere  <\/span><span class=\"_fadeIn_m1hgl_8\">el  <\/span><span class=\"_fadeIn_m1hgl_8\">escrito  <\/span><span class=\"_fadeIn_m1hgl_8\">Consentimiento  <\/span><span class=\"_fadeIn_m1hgl_8\">de la  <\/span><span class=\"_fadeIn_m1hgl_8\">respectiva  <\/span><span class=\"_fadeIn_m1hgl_8\">Autores  <\/span><span class=\"_fadeIn_m1hgl_8\">resp.  <\/span><span class=\"_fadeIn_m1hgl_8\">Creador.  <\/span><span class=\"_fadeIn_m1hgl_8\">Descargas  <\/span><span class=\"_fadeIn_m1hgl_8\">y  <\/span><span class=\"_fadeIn_m1hgl_8\">Copias  <\/span><span class=\"_fadeIn_m1hgl_8\">este  <\/span><span class=\"_fadeIn_m1hgl_8\">P\u00e1gina  <\/span><span class=\"_fadeIn_m1hgl_8\">son  <\/span><span class=\"_fadeIn_m1hgl_8\">s\u00f3lo  <\/span><span class=\"_fadeIn_m1hgl_8\">para  <\/span><span class=\"_fadeIn_m1hgl_8\">el  <\/span><span class=\"_fadeIn_m1hgl_8\">privado,  <\/span><span class=\"_fadeIn_m1hgl_8\">no  <\/span><span class=\"_fadeIn_m1hgl_8\">comercial  <\/span><span class=\"_fadeIn_m1hgl_8\">Utiliza  <\/span><span class=\"_fadeIn_m1hgl_8\">autorizado.<\/span><\/p>\n<p>[\/vc_column_text][\/vc_column_inner][\/vc_row_inner][vc_empty_space height=\u00bb60px\u00bb][\/vc_column][\/vc_row][\/vc_section]<\/p>\n<\/div>","protected":false},"excerpt":{"rendered":"<p>[vc_section][vc_row][vc_column][vc_row_inner][vc_column_inner][vc_column_text css=\u00bb\u00bb] Pie de imprenta Informaci\u00f3n seg\u00fan el \u00a7 5 TMG: KRIMONT NEGOCIOS DESARROLLO, S.L.Sociedad Limitada UnipersonalCalle Bartolom\u00e9 Pons i Coll, 107014 Palma de MallorcaEspa\u00f1a Representado por el Director Gerente (Administradora \u00danica):Anshela KrimontN.I.E: Z2918537A Contacto:Tel\u00e9fono: +49 171 103 71 59E-Mail: anshela@krimont.com Impuesto sobre el valor a\u00f1adidon\u00famero de identificaci\u00f3n seg\u00fan el \u00a7 27a UStG: (es complementado, [&hellip;]<\/p>\n","protected":false},"author":1,"featured_media":0,"parent":0,"menu_order":0,"comment_status":"closed","ping_status":"closed","template":"","meta":{"footnotes":""},"class_list":["post-10442","page","type-page","status-publish","hentry"],"yoast_head":"<!-- This site is optimized with the Yoast SEO plugin v25.1 - https:\/\/yoast.com\/wordpress\/plugins\/seo\/ -->\n<title>Pie de imprenta - KRIMONT Marketingagentur<\/title>\n<meta name=\"robots\" content=\"index, follow, max-snippet:-1, max-image-preview:large, max-video-preview:-1\" \/>\n<link rel=\"canonical\" href=\"http:\/\/krimont.com\/es\/pie-de-imprenta\" \/>\n<meta property=\"og:locale\" content=\"es_ES\" \/>\n<meta property=\"og:type\" content=\"article\" \/>\n<meta property=\"og:title\" content=\"Pie de imprenta - KRIMONT Marketingagentur\" \/>\n<meta property=\"og:description\" content=\"[vc_section][vc_row][vc_column][vc_row_inner][vc_column_inner][vc_column_text css=\u00bb\u00bb] Pie de imprenta Informaci\u00f3n seg\u00fan el \u00a7 5 TMG: KRIMONT NEGOCIOS DESARROLLO, S.L.Sociedad Limitada UnipersonalCalle Bartolom\u00e9 Pons i Coll, 107014 Palma de MallorcaEspa\u00f1a Representado por el Director Gerente (Administradora \u00danica):Anshela KrimontN.I.E: Z2918537A Contacto:Tel\u00e9fono: +49 171 103 71 59E-Mail: anshela@krimont.com Impuesto sobre el valor a\u00f1adidon\u00famero de identificaci\u00f3n seg\u00fan el \u00a7 27a UStG: (es complementado, [&hellip;]\" \/>\n<meta property=\"og:url\" content=\"http:\/\/krimont.com\/es\/pie-de-imprenta\" \/>\n<meta property=\"og:site_name\" content=\"KRIMONT Marketingagentur\" \/>\n<meta property=\"article:modified_time\" content=\"2025-07-17T21:39:36+00:00\" \/>\n<meta name=\"twitter:card\" content=\"summary_large_image\" \/>\n<meta name=\"twitter:label1\" content=\"Tiempo de lectura\" \/>\n\t<meta name=\"twitter:data1\" content=\"2 minutos\" \/>\n<script type=\"application\/ld+json\" class=\"yoast-schema-graph\">{\"@context\":\"https:\/\/schema.org\",\"@graph\":[{\"@type\":\"WebPage\",\"@id\":\"http:\/\/krimont.com\/es\/pie-de-imprenta\",\"url\":\"http:\/\/krimont.com\/es\/pie-de-imprenta\",\"name\":\"Pie de imprenta - KRIMONT Marketingagentur\",\"isPartOf\":{\"@id\":\"http:\/\/krimont.com\/es#website\"},\"datePublished\":\"2025-05-15T23:27:12+00:00\",\"dateModified\":\"2025-07-17T21:39:36+00:00\",\"breadcrumb\":{\"@id\":\"http:\/\/krimont.com\/es\/pie-de-imprenta#breadcrumb\"},\"inLanguage\":\"es\",\"potentialAction\":[{\"@type\":\"ReadAction\",\"target\":[\"http:\/\/krimont.com\/es\/pie-de-imprenta\"]}]},{\"@type\":\"BreadcrumbList\",\"@id\":\"http:\/\/krimont.com\/es\/pie-de-imprenta#breadcrumb\",\"itemListElement\":[{\"@type\":\"ListItem\",\"position\":1,\"name\":\"Startseite\",\"item\":\"https:\/\/krimont.com\/es\"},{\"@type\":\"ListItem\",\"position\":2,\"name\":\"Pie de imprenta\"}]},{\"@type\":\"WebSite\",\"@id\":\"http:\/\/krimont.com\/es#website\",\"url\":\"http:\/\/krimont.com\/es\",\"name\":\"KRIMONT Marketingagentur\",\"description\":\"\",\"potentialAction\":[{\"@type\":\"SearchAction\",\"target\":{\"@type\":\"EntryPoint\",\"urlTemplate\":\"http:\/\/krimont.com\/es?s={search_term_string}\"},\"query-input\":{\"@type\":\"PropertyValueSpecification\",\"valueRequired\":true,\"valueName\":\"search_term_string\"}}],\"inLanguage\":\"es\"}]}<\/script>\n<!-- \/ Yoast SEO plugin. -->","yoast_head_json":{"title":"Pie de imprenta - KRIMONT Marketingagentur","robots":{"index":"index","follow":"follow","max-snippet":"max-snippet:-1","max-image-preview":"max-image-preview:large","max-video-preview":"max-video-preview:-1"},"canonical":"http:\/\/krimont.com\/es\/pie-de-imprenta","og_locale":"es_ES","og_type":"article","og_title":"Pie de imprenta - KRIMONT Marketingagentur","og_description":"[vc_section][vc_row][vc_column][vc_row_inner][vc_column_inner][vc_column_text css=\u00bb\u00bb] Pie de imprenta Informaci\u00f3n seg\u00fan el \u00a7 5 TMG: KRIMONT NEGOCIOS DESARROLLO, S.L.Sociedad Limitada UnipersonalCalle Bartolom\u00e9 Pons i Coll, 107014 Palma de MallorcaEspa\u00f1a Representado por el Director Gerente (Administradora \u00danica):Anshela KrimontN.I.E: Z2918537A Contacto:Tel\u00e9fono: +49 171 103 71 59E-Mail: anshela@krimont.com Impuesto sobre el valor a\u00f1adidon\u00famero de identificaci\u00f3n seg\u00fan el \u00a7 27a UStG: (es complementado, [&hellip;]","og_url":"http:\/\/krimont.com\/es\/pie-de-imprenta","og_site_name":"KRIMONT Marketingagentur","article_modified_time":"2025-07-17T21:39:36+00:00","twitter_card":"summary_large_image","twitter_misc":{"Tiempo de lectura":"2 minutos"},"schema":{"@context":"https:\/\/schema.org","@graph":[{"@type":"WebPage","@id":"http:\/\/krimont.com\/es\/pie-de-imprenta","url":"http:\/\/krimont.com\/es\/pie-de-imprenta","name":"Pie de imprenta - KRIMONT Marketingagentur","isPartOf":{"@id":"http:\/\/krimont.com\/es#website"},"datePublished":"2025-05-15T23:27:12+00:00","dateModified":"2025-07-17T21:39:36+00:00","breadcrumb":{"@id":"http:\/\/krimont.com\/es\/pie-de-imprenta#breadcrumb"},"inLanguage":"es","potentialAction":[{"@type":"ReadAction","target":["http:\/\/krimont.com\/es\/pie-de-imprenta"]}]},{"@type":"BreadcrumbList","@id":"http:\/\/krimont.com\/es\/pie-de-imprenta#breadcrumb","itemListElement":[{"@type":"ListItem","position":1,"name":"Startseite","item":"https:\/\/krimont.com\/es"},{"@type":"ListItem","position":2,"name":"Pie de imprenta"}]},{"@type":"WebSite","@id":"http:\/\/krimont.com\/es#website","url":"http:\/\/krimont.com\/es","name":"KRIMONT Marketingagentur","description":"","potentialAction":[{"@type":"SearchAction","target":{"@type":"EntryPoint","urlTemplate":"http:\/\/krimont.com\/es?s={search_term_string}"},"query-input":{"@type":"PropertyValueSpecification","valueRequired":true,"valueName":"search_term_string"}}],"inLanguage":"es"}]}},"_links":{"self":[{"href":"http:\/\/krimont.com\/es\/wp-json\/wp\/v2\/pages\/10442","targetHints":{"allow":["GET"]}}],"collection":[{"href":"http:\/\/krimont.com\/es\/wp-json\/wp\/v2\/pages"}],"about":[{"href":"http:\/\/krimont.com\/es\/wp-json\/wp\/v2\/types\/page"}],"author":[{"embeddable":true,"href":"http:\/\/krimont.com\/es\/wp-json\/wp\/v2\/users\/1"}],"replies":[{"embeddable":true,"href":"http:\/\/krimont.com\/es\/wp-json\/wp\/v2\/comments?post=10442"}],"version-history":[{"count":1,"href":"http:\/\/krimont.com\/es\/wp-json\/wp\/v2\/pages\/10442\/revisions"}],"predecessor-version":[{"id":10443,"href":"http:\/\/krimont.com\/es\/wp-json\/wp\/v2\/pages\/10442\/revisions\/10443"}],"wp:attachment":[{"href":"http:\/\/krimont.com\/es\/wp-json\/wp\/v2\/media?parent=10442"}],"curies":[{"name":"wp","href":"https:\/\/api.w.org\/{rel}","templated":true}]}}